{"id":7959,"date":"2022-10-24T08:06:13","date_gmt":"2022-10-24T06:06:13","guid":{"rendered":"https:\/\/zabrzeprzestrzeniarozwoju.pl\/?page_id=7959"},"modified":"2025-02-13T11:33:54","modified_gmt":"2025-02-13T10:33:54","slug":"o-projektach","status":"publish","type":"page","link":"https:\/\/zabrzeprzestrzeniarozwoju.pl\/?page_id=7959","title":{"rendered":"Fundusze"},"content":{"rendered":"<div class=\"wpb-content-wrapper\"><p>[vc_row][vc_column width=&#8221;1\/1&#8243;][vc_column_text css=&#8221;&#8221;]<\/p>\n<h2>Projekt \u201eMiasto przestrzeni\u0105 rozwoju\u201d<\/h2>\n<p>[\/vc_column_text]<div class=\"simple_line shortcoded iconized no_icon thick\" style=\"border-bottom: 1px solid #0016e5\"><i class=\"fab fa-accessible-icon\" style=\"color:#0e08fc;background-color:#ffffff\"><\/i><\/div>[vc_row_inner][vc_column_inner width=&#8221;1\/3&#8243;][vc_single_image image=&#8221;7678&#8243; img_size=&#8221;full&#8221; el_class=&#8221;theme_light&#8221;][vc_single_image image=&#8221;8214&#8243; img_size=&#8221;full&#8221; el_class=&#8221;theme_dark&#8221;][\/vc_column_inner][vc_column_inner width=&#8221;2\/3&#8243;]<div class=\"fount_spacer clearfix\" style=\"height:20px;\"><\/div>[vc_column_text css=&#8221;&#8221;]<\/p>\n<h4><strong>Miasto Zabrze zako\u0144czy\u0142o realizacj\u0119 projektu \u201eMiasto przestrzeni\u0105 rozwoju\u201d. W projekcie uda\u0142o si\u0119 zrealizowa\u0107 za\u0142o\u017cone dzia\u0142ania co pozwoli\u0142o osi\u0105gn\u0105\u0107 za\u0142o\u017cone wska\u017aniki. Wszystkie dzia\u0142ania cieszy\u0142y si\u0119 bardzo du\u017cym zainteresowaniem i zaanga\u017cowaniem mieszka\u0144c\u00f3w.<\/strong><\/h4>\n<p>[\/vc_column_text]<div class=\"fount_spacer clearfix\" style=\"height:40px;\"><\/div>[vc_column_text css=&#8221;&#8221;]Projekt \u201eMiasto Przestrzeni\u0105 Rozwoju\u201d finansowany jest z programu \u201eRozw\u00f3j Lokalny\u201d wsp\u00f3\u0142finansowany ze \u015brodk\u00f3w Norweskiego Mechanizmu Finansowego na lata 2014-2021 oraz Bud\u017cetu Pa\u0144stwa.<\/p>\n<p>Realizowany jest w partnerstwie z Politechnik\u0105 \u015al\u0105sk\u0105 i Wy\u017csz\u0105 Szko\u0142\u0105 Techniczn\u0105 w Katowicach oraz przy wsp\u00f3\u0142pracy z doradcami ze Zwi\u0105zku Miast Polskich.<\/p>\n<p>Projekt realizowany jest w terminie <strong>od 3.01.2022 r. <\/strong>do<strong> 30.04.2024 r.<\/strong><\/p>\n<p>Ca\u0142kowite maksymalne koszty kwalifikowalne w ramach projektu wynosz\u0105 <strong>16\u00a0683\u00a0781,37<\/strong> <strong>\u00a0PLN<\/strong><\/p>\n<p>Dofinansowanie:<strong> 3 371 346,00 EUR<\/strong>[\/vc_column_text][\/vc_column_inner][\/vc_row_inner]<div class=\"fount_spacer clearfix\" style=\"height:50px;\"><\/div>[\/vc_column][\/vc_row][vc_row][vc_column width=&#8221;1\/1&#8243;][vc_column_text css=&#8221;&#8221;]<\/p>\n<h2>Fundusze Norweskie i EOG oraz program\u201eRozw\u00f3j lokalny\u201d<\/h2>\n<p>[\/vc_column_text]<div class=\"simple_line shortcoded iconized no_icon thick\" style=\"border-bottom: 1px solid #0016e5\"><i class=\"fab fa-accessible-icon\" style=\"color:#0e08fc;background-color:#ffffff\"><\/i><\/div>[vc_row_inner][vc_column_inner width=&#8221;1\/3&#8243;][vc_single_image image=&#8221;7694&#8243; img_size=&#8221;full&#8221; el_class=&#8221;theme_light&#8221;][vc_single_image image=&#8221;8212&#8243; img_size=&#8221;full&#8221; el_class=&#8221;theme_dark&#8221;][\/vc_column_inner][vc_column_inner width=&#8221;2\/3&#8243;][vc_column_text]Mechanizm Finansowy EOG i Norweski Mechanizm Finansowy, czyli tzw. Fundusze norweskie i EOG to bezzwrotna pomoc finansowa przyznawana przez Islandi\u0119, Norwegi\u0119 i Liechtenstein kilkunastu pa\u0144stwom Europy \u015arodkowej i Po\u0142udniowej oraz krajom ba\u0142tyckim.<br \/>\nFundusze te s\u0105 zwi\u0105zane z przyst\u0105pieniem Polski do Unii Europejskiej oraz z jednoczesnym wej\u015bciem naszego kraju do Europejskiego Obszaru Gospodarczego (kt\u00f3ry tworz\u0105 pa\u0144stwa UE oraz Islandia, Liechtenstein i Norwegia). W zamian za udzielan\u0105 pomoc finansow\u0105, pa\u0144stwa-darczy\u0144cy korzystaj\u0105 z dost\u0119pu do rynku wewn\u0119trznego UE mimo, \u017ce nie s\u0105 jej cz\u0142onkami.<\/p>\n<p><strong>G\u0142\u00f3wnym celem Funduszy norweskich i Funduszy EOG jest:<\/strong><\/p>\n<ul>\n<li>przyczynianie si\u0119 do zmniejszania r\u00f3\u017cnic ekonomicznych i spo\u0142ecznych w obr\u0119bie Europejskiego Obszaru Gospodarczego,<\/li>\n<li>wzmacnianie stosunk\u00f3w dwustronnych pomi\u0119dzy pa\u0144stwami-darczy\u0144cami a pa\u0144stwem-beneficjentem.<\/li>\n<\/ul>\n<p>Polska podpisa\u0142a umowy mi\u0119dzyrz\u0105dowe (Memoranda of Understanding) w sprawie III edycji funduszy norweskich i EOG (2014-2021) 20 grudnia 2017 r., otrzymuj\u0105c na ich mocy 809,3 mln EUR (z \u0142\u0105cznej puli ponad 2,8 mld EUR), co czyni j\u0105 podobnie jak w poprzednich edycjach, najwi\u0119kszym beneficjentem.<\/p>\n<p>Za koordynacj\u0119 wdra\u017cania Funduszy norweskich i EOG w Polsce odpowiada Ministerstwo Funduszy i Polityki Regionalnej (MFiPR), pe\u0142ni\u0105ce rol\u0119 tzw. Krajowego Punktu Kontaktowego (KPK) dla Funduszy norweskich i EOG.<br \/>\nProgramy w ramach III edycji Funduszy norweskich i EOG b\u0119d\u0105 wdra\u017cane do 2024 r. Wyj\u0105tek stanowi\u00a0 Fundusz Wsp\u00f3\u0142pracy Dwustronnej, kt\u00f3ry b\u0119dzie wdra\u017cany do 30 kwietnia 2025 r.<\/p>\n<p><strong>Wi\u0119cej szczeg\u00f3\u0142\u00f3w znajduje si\u0119 na stronach:<\/strong><\/p>\n<ul>\n<li><a href=\"https:\/\/www.eog.gov.pl\/\">EOG 2014-2021 \u2014 Ministerstwo Funduszy i Polityki Regionalnej<\/a><\/li>\n<li><a href=\"https:\/\/eeagrants.org\/\">Dotacje Funduszy Norweskich i EOG<\/a><\/li>\n<li>na Facebooku <a href=\"https:\/\/www.facebook.com\/FunduszenorweskieEOG\/\">Fundusze norweskie i EOG | Facebook<\/a><\/li>\n<\/ul>\n<p>[\/vc_column_text]<div class=\"fount_spacer clearfix\" style=\"height:40px;\"><\/div>[\/vc_column_inner][\/vc_row_inner][\/vc_column][\/vc_row][vc_row][vc_column width=&#8221;1\/1&#8243;][vc_column_text]<\/p>\n<p>&nbsp;<\/p>\n<h2>G\u0142\u00f3wny cel projektu<\/h2>\n<p>[\/vc_column_text]<div class=\"simple_line shortcoded iconized no_icon thick\" style=\"border-bottom: 1px solid #0016e5\"><i class=\"fab fa-accessible-icon\" style=\"color:#0e08fc;background-color:#ffffff\"><\/i><\/div>[vc_row_inner][vc_column_inner width=&#8221;1\/3&#8243;][\/vc_column_inner][vc_column_inner width=&#8221;2\/3&#8243;][vc_column_text]Poprawa jako\u015bci \u017cycia w mie\u015bcie poprzez podejmowanie dzia\u0142a\u0144 maj\u0105cych na celu popraw\u0119 potencja\u0142u gospodarczego i spo\u0142ecznego miasta, jako\u015bci \u015brodowiska naturalnego oraz przestrzeni miejskich, a tak\u017ce stworzenie standard\u00f3w nowoczesnego \u015bwiadczenia us\u0142ug publicznych oraz popraw\u0119 zdolno\u015bci instytucjonalnych administracji miasta.[\/vc_column_text][\/vc_column_inner][\/vc_row_inner][\/vc_column][\/vc_row][vc_row][vc_column width=&#8221;1\/1&#8243;][vc_column_text]<\/p>\n<h2>Efekty realizacji projektu<\/h2>\n<p>[\/vc_column_text]<div class=\"simple_line shortcoded iconized no_icon thick\" style=\"border-bottom: 1px solid #0016e5\"><i class=\"fab fa-accessible-icon\" style=\"color:#0e08fc;background-color:#ffffff\"><\/i><\/div>[vc_row_inner][vc_column_inner width=&#8221;1\/3&#8243;][\/vc_column_inner][vc_column_inner width=&#8221;2\/3&#8243;][vc_column_text]<\/p>\n<ul>\n<li>Poprawa jako\u015bci przestrzeni miejskich.<\/li>\n<li>Wzmocnienie wi\u0119zi spo\u0142ecznych mi\u0119dzy mieszka\u0144cami, w tym wzrost \u015bwiadomo\u015bci ekologicznej.<\/li>\n<li>Wzmocnienie kompetencji kadry administracyjnej miasta oraz stworzenie warunk\u00f3w do rozwoju administracji samorz\u0105dowej i miejskich specjalizacji jako impuls do dalszego rozwoju Zabrza.<\/li>\n<\/ul>\n<p>[\/vc_column_text][\/vc_column_inner][\/vc_row_inner][\/vc_column][\/vc_row][vc_row][vc_column width=&#8221;1\/1&#8243;][vc_column_text]<\/p>\n<h2>Zakres projektu<\/h2>\n<p>[\/vc_column_text]<div class=\"simple_line shortcoded iconized no_icon thick\" style=\"border-bottom: 1px solid #0016e5\"><i class=\"fab fa-accessible-icon\" style=\"color:#0e08fc;background-color:#ffffff\"><\/i><\/div>[vc_row_inner][vc_column_inner width=&#8221;1\/3&#8243;][\/vc_column_inner][vc_column_inner width=&#8221;2\/3&#8243;][vc_column_text]<\/p>\n<h4>Lepsza przestrze\u0144:<\/h4>\n<ul>\n<li>Rewitalizacja Parku Hutniczego wraz z rozbudow\u0105 o ma\u0142\u0105 architektur\u0119, plac zabaw, wodny plac zabaw oraz skatepark.<\/li>\n<li>Budowa t\u0119\u017cni w Ko\u0144czycach i w Maciejowie.<\/li>\n<li>Dostosowanie budynku Urz\u0119du Stanu Cywilnego do potrzeb os\u00f3b z niepe\u0142nosprawno\u015bciami.<\/li>\n<\/ul>\n<h4>Silniejsze wi\u0119zi, rozw\u00f3j miejskich specjalizacji i wi\u0119ksza \u015bwiadomo\u015b\u0107 ekologiczna:<\/h4>\n<ul>\n<li>Zaj\u0119cia z aktywnych postaw i edukacji zawodowej zaprojektowane do pracy z dzie\u0107mi i m\u0142odzie\u017c\u0105 maj\u0105ce na celu wprowadzenie<br \/>\nw \u015bwiat aktywno\u015bci spo\u0142ecznej i pomocy innym ludziom.<\/li>\n<li>Wielotematyczne dzia\u0142ania skierowane dla ca\u0142ych rodzin wprowadzaj\u0105ce witalno\u015b\u0107 i \u015bwie\u017co\u015b\u0107 w codzienne dzia\u0142ania,<br \/>\njak i w planowanie czasu wolnego realizowane w ramach przedsi\u0119wzi\u0119\u0107 \u201eAkademia Witalno\u015bci\u201d i \u201eZosta\u0144 z nami<br \/>\nw weekend\u201d.<\/li>\n<li>Zaj\u0119cia plenerowe oraz eventy ekologiczne dla mieszka\u0144c\u00f3w rozwijaj\u0105ce wiedz\u0119 i promuj\u0105ce dobre praktyki w zakresie edukacji ekologicznej.<\/li>\n<li>Akademia Dzieci\u0119co-M\u0142odzie\u017cowa \u201eJak na studiach\u201d \u2013 zaj\u0119cia dla dzieci i m\u0142odzie\u017cy pod patronatem uczelni wy\u017cszej<\/li>\n<li>Szkolenia skierowane dla \u015brodowiska start-up\u00f3w z zakresu miejskich specjalizacji.<\/li>\n<\/ul>\n<h4>Wysoka jako\u015b\u0107 us\u0142ug dla mieszka\u0144c\u00f3w:<\/h4>\n<ul>\n<li>Wdro\u017cenie modu\u0142u partycypacyjnego do konsultacji spo\u0142ecznych oraz komunikacji z mieszka\u0144cami.<\/li>\n<li>Wdro\u017cenie us\u0142ug na platformie EBOK (Elektroniczne biuro Obs\u0142ugi Klienta) oraz zakup sprz\u0119tu niezb\u0119dnego do wdra\u017cania nowych us\u0142ug.<\/li>\n<li>Szkolenia dla pracownik\u00f3w administracji samorz\u0105dowej i miejskich jednostek organizacyjnych.<\/li>\n<li>Opracowanie Miejskiego Standardu Dost\u0119pno\u015bci.<\/li>\n<\/ul>\n<p>[\/vc_column_text][\/vc_column_inner][\/vc_row_inner][\/vc_column][\/vc_row][vc_row][vc_column width=&#8221;1\/1&#8243;]<div class=\"fount_spacer clearfix\" style=\"height:50px;\"><\/div>[vc_column_text]<\/p>\n<h2>Realizowane projekty<\/h2>\n<p>[\/vc_column_text]<div class=\"fount_spacer clearfix\" style=\"height:60px;\"><\/div>[vc_column_text]PROJEKTY INWESTYCYJNE[\/vc_column_text]<div class=\"fount_spacer clearfix\" style=\"height:10px;\"><\/div>[vc_row_inner][vc_column_inner width=&#8221;1\/4&#8243;]<div class=\"simple_line shortcoded iconized no_icon thick\" style=\"border-bottom: 1px solid #0016e5\"><i class=\"fab fa-accessible-icon\" style=\"color:#0e08fc;background-color:#ffffff\"><\/i><\/div>[vc_column_text el_class=&#8221;min_height_125px&#8221;]<\/p>\n<h4><a href=\"\/?page_id=7770\"><strong><span class=\"h4_big\">1.<\/span><br \/>\nPark Hutniczy i Skatepark<\/strong><\/a><\/h4>\n<p>[\/vc_column_text][\/vc_column_inner][vc_column_inner width=&#8221;1\/4&#8243;]<div class=\"simple_line shortcoded iconized no_icon thick\" style=\"border-bottom: 1px solid #0016e5\"><i class=\"fab fa-accessible-icon\" style=\"color:#0e08fc;background-color:#ffffff\"><\/i><\/div>[vc_column_text el_class=&#8221;min_height_125px&#8221;]<\/p>\n<h4><a href=\"\/?page_id=7772\"><strong><span class=\"h4_big\">2.<\/span><br \/>\nCentrum Szkoleniowe Start-up\u00f3w<\/strong><\/a><\/h4>\n<p>[\/vc_column_text][\/vc_column_inner][vc_column_inner width=&#8221;1\/4&#8243;]<div class=\"simple_line shortcoded iconized no_icon thick\" style=\"border-bottom: 1px solid #0016e5\"><i class=\"fab fa-accessible-icon\" style=\"color:#0e08fc;background-color:#ffffff\"><\/i><\/div>[vc_column_text el_class=&#8221;min_height_125px&#8221;]<\/p>\n<h4><a href=\"\/?page_id=7774\"><strong><span class=\"h4_big\">3.<\/span><br \/>\nBudowa t\u0119\u017cni w Ko\u0144czycach i w Maciejowie<\/strong><\/a><\/h4>\n<p>[\/vc_column_text][\/vc_column_inner][vc_column_inner width=&#8221;1\/4&#8243;]<div class=\"simple_line shortcoded iconized no_icon thick\" style=\"border-bottom: 1px solid #0016e5\"><i class=\"fab fa-accessible-icon\" style=\"color:#0e08fc;background-color:#ffffff\"><\/i><\/div>[vc_column_text el_class=&#8221;min_height_125px&#8221;]<\/p>\n<h4><a href=\"\/?page_id=7776\"><strong><span class=\"h4_big\">4.<\/span><br \/>\nUrz\u0105d Stanu Cywilnego \u2014 prace budowlane i adaptacyjne<\/strong><\/a><\/h4>\n<p>[\/vc_column_text][\/vc_column_inner][\/vc_row_inner]<div class=\"fount_spacer clearfix\" style=\"height:50px;\"><\/div>[vc_column_text]PROJEKTY NIEINWESTYCYJNE[\/vc_column_text]<div class=\"fount_spacer clearfix\" style=\"height:10px;\"><\/div>[vc_row_inner][vc_column_inner width=&#8221;1\/4&#8243;]<div class=\"simple_line shortcoded iconized no_icon thick\" style=\"border-bottom: 1px solid #0016e5\"><i class=\"fab fa-accessible-icon\" style=\"color:#0e08fc;background-color:#ffffff\"><\/i><\/div>[vc_column_text el_class=&#8221;min_height_125px&#8221;]<\/p>\n<h4><a href=\"\/?page_id=7778\"><strong><span class=\"h4_big\">5.<\/span><br \/>\nZaj\u0119cia z aktywnych postaw \u2014 blok dla dzieci, m\u0142odzie\u017cy i rodzin<\/strong><\/a><\/h4>\n<p>[\/vc_column_text][\/vc_column_inner][vc_column_inner width=&#8221;1\/4&#8243;]<div class=\"simple_line shortcoded iconized no_icon thick\" style=\"border-bottom: 1px solid #0016e5\"><i class=\"fab fa-accessible-icon\" style=\"color:#0e08fc;background-color:#ffffff\"><\/i><\/div>[vc_column_text el_class=&#8221;min_height_125px&#8221;]<\/p>\n<h4><a href=\"\/?page_id=7780\"><strong><span class=\"h4_big\">6.<\/span><br \/>\nAnimacja lokalnej spo\u0142eczno\u015bci \u2014 \u201eAkademia Witalno\u015bci\u201d i \u201eZosta\u0144 z nami w weekend\u201d<\/strong><\/a><\/h4>\n<p>[\/vc_column_text][\/vc_column_inner][vc_column_inner width=&#8221;1\/4&#8243;]<div class=\"simple_line shortcoded iconized no_icon thick\" style=\"border-bottom: 1px solid #0016e5\"><i class=\"fab fa-accessible-icon\" style=\"color:#0e08fc;background-color:#ffffff\"><\/i><\/div>[vc_column_text el_class=&#8221;min_height_125px&#8221;]<\/p>\n<h4><a href=\"\/?page_id=7782\"><strong><span class=\"h4_big\">7.<\/span><br \/>\nEdukacja ekologiczna<\/strong><\/a><\/h4>\n<p>[\/vc_column_text][\/vc_column_inner][vc_column_inner width=&#8221;1\/4&#8243;]<div class=\"simple_line shortcoded iconized no_icon thick\" style=\"border-bottom: 1px solid #0016e5\"><i class=\"fab fa-accessible-icon\" style=\"color:#0e08fc;background-color:#ffffff\"><\/i><\/div>[vc_column_text el_class=&#8221;min_height_125px&#8221;]<\/p>\n<h4><a href=\"\/?page_id=7785\"><strong><span class=\"h4_big\">8.<\/span><br \/>\nJak na studiach \u2014 zaj\u0119cia dla dzieci i m\u0142odzie\u017cy<\/strong><\/a><\/h4>\n<p>[\/vc_column_text][\/vc_column_inner][\/vc_row_inner]<div class=\"fount_spacer clearfix\" style=\"height:200px;\"><\/div>[\/vc_column][\/vc_row]<\/p>\n<\/div>","protected":false},"excerpt":{"rendered":"<p>[vc_row][vc_column width=&#8221;1\/1&#8243;][vc_column_text css=&#8221;&#8221;] Projekt \u201eMiasto przestrzeni\u0105 rozwoju\u201d [\/vc_column_text][vc_row_inner][vc_column_inner width=&#8221;1\/3&#8243;][vc_single_image image=&#8221;7678&#8243; img_size=&#8221;full&#8221; el_class=&#8221;theme_light&#8221;][vc_single_image image=&#8221;8214&#8243; img_size=&#8221;full&#8221; el_class=&#8221;theme_dark&#8221;][\/vc_column_inner][vc_column_inner width=&#8221;2\/3&#8243;][vc_column_text css=&#8221;&#8221;] Miasto Zabrze zako\u0144czy\u0142o realizacj\u0119 projektu \u201eMiasto przestrzeni\u0105 rozwoju\u201d. W projekcie uda\u0142o si\u0119 zrealizowa\u0107 za\u0142o\u017cone dzia\u0142ania co pozwoli\u0142o osi\u0105gn\u0105\u0107 za\u0142o\u017cone wska\u017aniki. Wszystkie dzia\u0142ania cieszy\u0142y si\u0119 bardzo du\u017cym zainteresowaniem i zaanga\u017cowaniem mieszka\u0144c\u00f3w. [\/vc_column_text][vc_column_text css=&#8221;&#8221;]Projekt \u201eMiasto Przestrzeni\u0105 Rozwoju\u201d finansowany jest z [&hellip;]<\/p>\n","protected":false},"author":1,"featured_media":0,"parent":0,"menu_order":0,"comment_status":"closed","ping_status":"closed","template":"","meta":{"footnotes":""},"class_list":["post-7959","page","type-page","status-publish","hentry"],"_links":{"self":[{"href":"https:\/\/zabrzeprzestrzeniarozwoju.pl\/index.php?rest_route=\/wp\/v2\/pages\/7959","targetHints":{"allow":["GET"]}}],"collection":[{"href":"https:\/\/zabrzeprzestrzeniarozwoju.pl\/index.php?rest_route=\/wp\/v2\/pages"}],"about":[{"href":"https:\/\/zabrzeprzestrzeniarozwoju.pl\/index.php?rest_route=\/wp\/v2\/types\/page"}],"author":[{"embeddable":true,"href":"https:\/\/zabrzeprzestrzeniarozwoju.pl\/index.php?rest_route=\/wp\/v2\/users\/1"}],"replies":[{"embeddable":true,"href":"https:\/\/zabrzeprzestrzeniarozwoju.pl\/index.php?rest_route=%2Fwp%2Fv2%2Fcomments&post=7959"}],"version-history":[{"count":49,"href":"https:\/\/zabrzeprzestrzeniarozwoju.pl\/index.php?rest_route=\/wp\/v2\/pages\/7959\/revisions"}],"predecessor-version":[{"id":9457,"href":"https:\/\/zabrzeprzestrzeniarozwoju.pl\/index.php?rest_route=\/wp\/v2\/pages\/7959\/revisions\/9457"}],"wp:attachment":[{"href":"https:\/\/zabrzeprzestrzeniarozwoju.pl\/index.php?rest_route=%2Fwp%2Fv2%2Fmedia&parent=7959"}],"curies":[{"name":"wp","href":"https:\/\/api.w.org\/{rel}","templated":true}]}}