{"id":8230,"date":"2022-07-01T07:18:55","date_gmt":"2022-07-01T05:18:55","guid":{"rendered":"https:\/\/zabrzeprzestrzeniarozwoju.pl\/?page_id=8230"},"modified":"2026-04-02T09:11:35","modified_gmt":"2026-04-02T07:11:35","slug":"deklaracja-dostepnosci-cyfrowej","status":"publish","type":"page","link":"https:\/\/zabrzeprzestrzeniarozwoju.pl\/?page_id=8230","title":{"rendered":"Deklaracja dost\u0119pno\u015bci cyfrowej"},"content":{"rendered":"<div class=\"wpb-content-wrapper\"><p>[vc_row][vc_column][\/vc_column][\/vc_row][vc_row][vc_column width=&#8221;1\/1&#8243;][vc_column_text]<\/p>\n<h2>Wst\u0119p Deklaracji<\/h2>\n<p>[\/vc_column_text]<div class=\"simple_line shortcoded iconized no_icon thick\" style=\"border-bottom: 1px solid #0016e5\"><i class=\"fab fa-accessible-icon\" style=\"color:#0e08fc;background-color:#ffffff\"><\/i><\/div>[vc_row_inner][vc_column_inner width=&#8221;1\/3&#8243;][\/vc_column_inner][vc_column_inner width=&#8221;2\/3&#8243;][vc_column_text css=&#8221;&#8221;]Urz\u0105d Miejski w Zabrzu zobowi\u0105zuje si\u0119 zapewni\u0107 dost\u0119pno\u015b\u0107 swojej strony internetowej zgodnie z przepisami ustawy z\u00a0dnia 4\u00a0kwietnia 2019 r. o\u00a0dost\u0119pno\u015bci cyfrowej stron internetowych i\u00a0aplikacji mobilnych podmiot\u00f3w publicznych.<br \/>\nO\u015bwiadczenie w sprawie dost\u0119pno\u015bci ma zastosowanie do strony internetowej <u><a href=\"https:\/\/zabrzeprzestrzeniarozwoju.pl\/\">zabrzeprzestrzeniarozwoju.pl <\/a><\/u><\/p>\n<p>Data publikacji: 2022-07-01<br \/>\nData aktualizacji: 2022-10-01<br \/>\nData ostatniego przegl\u0105du deklaracji: 2026-03-25<\/p>\n<p>Strona internetowa jest\u00a0<strong>cz\u0119\u015bciowo zgodna<\/strong> z ustaw\u0105 z dnia 4 kwietnia 2019 r. o\u00a0dost\u0119pno\u015bci cyfrowej stron internetowych i\u00a0aplikacji mobilnych podmiot\u00f3w publicznych:<\/p>\n<ul>\n<li>nagrania wideo nie\u00a0posiadaj\u0105 wbudowanych napis\u00f3w dla os\u00f3b nies\u0142ysz\u0105cych,<\/li>\n<li>niekt\u00f3re pliki graficzne nie\u00a0posiadaj\u0105 opis\u00f3w alternatywnych,<\/li>\n<li>brak logicznych u\u017cy\u0107 nag\u0142\u00f3wka wed\u0142ug hierarchii od\u00a0najwy\u017cszego do\u00a0najni\u017cszego w\u00a0niekt\u00f3rych tre\u015bciach.<\/li>\n<\/ul>\n<p>[\/vc_column_text]<div class=\"fount_spacer clearfix\" style=\"height:40px;\"><\/div>[\/vc_column_inner][\/vc_row_inner][\/vc_column][\/vc_row][vc_row][vc_column width=&#8221;1\/1&#8243;]<div class=\"fount_spacer clearfix\" style=\"height:50px;\"><\/div>[vc_column_text]<\/p>\n<p>Miejski Standard Dost\u0119pno\u015bci<\/p>\n<p><a href=\"https:\/\/prawomiejscowe.pl\/UrzadMiejskiwZabrzu\/document\/1047581\/Zarzadzenie-323_WRU_2024\">https:\/\/prawomiejscowe.pl\/UrzadMiejskiwZabrzu\/document\/1047581\/Zarzadzenie-323_WRU_2024<\/a><\/p>\n<h2>U\u0142atwienia na stronie zabrzeprzestrzeniarozwoju.pl<\/h2>\n<p>[\/vc_column_text]<div class=\"simple_line shortcoded iconized no_icon thick\" style=\"border-bottom: 1px solid #0016e5\"><i class=\"fab fa-accessible-icon\" style=\"color:#0e08fc;background-color:#ffffff\"><\/i><\/div>[vc_row_inner][vc_column_inner width=&#8221;1\/3&#8243;][\/vc_column_inner][vc_column_inner width=&#8221;2\/3&#8243;][vc_column_text]Strona <strong>zabrzeprzestrzeniarozwoju.pl<\/strong> posiada nast\u0119puj\u0105ce u\u0142atwienia dla os\u00f3b ze szczeg\u00f3lnymi potrzebami:<\/p>\n<ul>\n<li>Wszystkie odno\u015bniki na stronie internetowej s\u0105 unikalne.<\/li>\n<li>Strona internetowa spe\u0142nia za\u0142o\u017cenia Konwencji o prawach os\u00f3b niepe\u0142nosprawno\u015bciami (Dz.U. 2012, poz. 1169).<\/li>\n<li>Strona zosta\u0142a zaprojektowana zgodnie z wytycznymi WCAG 2.1. poziom AA.<\/li>\n<li>Strona jest dost\u0119pna w przegl\u0105darkach i na urz\u0105dzeniach z w\u0142\u0105czon\u0105 obs\u0142ug\u0105 CSS.<\/li>\n<li>Na stronie internetowej mo\u017cna korzysta\u0107 ze standardowych skr\u00f3t\u00f3w klawiaturowych. Wyj\u0105tkiem s\u0105 elementy, kt\u00f3re zwyczajowo nie mog\u0105 by\u0107 wykonane klawiatur\u0105 (np. rysunek odr\u0119czny).<\/li>\n<li>U\u017cytkownicy korzystaj\u0105cy wy\u0142\u0105cznie z klawiatury mog\u0105 swobodnie porusza\u0107 si\u0119 po serwisie za pomoc\u0105 klawisza Tab.<\/li>\n<li>Stron\u0119 da si\u0119 znacz\u0105co powi\u0119kszy\u0107 narz\u0119dziami przegl\u0105darki i z poziomu strony.<\/li>\n<li>Kontrast tekstu do t\u0142a \u2013 dzi\u0119ki temu materia\u0142y osadzone na stronie s\u0105 czytelne tak\u017ce dla os\u00f3b s\u0142abiej widz\u0105cych.<\/li>\n<li>Nawigacja jest te\u017c przyjazna dla os\u00f3b niewidomych dzi\u0119ki unikalnym tytu\u0142om podstron i\u00a0 porz\u0105dkuj\u0105cej funkcji nag\u0142\u00f3wk\u00f3w.<\/li>\n<li>Serwis jest wyposa\u017cony w mechanizmy u\u0142atwiaj\u0105ce przegl\u0105danie tre\u015bci przez osoby niedowidz\u0105ce niekorzystaj\u0105ce z technologii asystuj\u0105cych: zmiana wielko\u015bci czcionki; zmiana kontrastu; oprawa graficzna serwisu oparta jest na stylach.<\/li>\n<li>Elementy graficzne i zdj\u0119cia maj\u0105 wype\u0142niony tzw. atrybut alt, w kt\u00f3rym zawarte s\u0105 opisy, odczytywane przez czytniki ekran\u00f3w czyli aplikacje u\u017cywane przez osoby niewidome i niedowidz\u0105ce.<\/li>\n<\/ul>\n<p>[\/vc_column_text]<div class=\"fount_spacer clearfix\" style=\"height:40px;\"><\/div>[\/vc_column_inner][\/vc_row_inner]<div class=\"fount_spacer clearfix\" style=\"height:50px;\"><\/div>[vc_column_text]<\/p>\n<h2>Wy\u0142\u0105czenia<\/h2>\n<p>[\/vc_column_text]<div class=\"simple_line shortcoded iconized no_icon thick\" style=\"border-bottom: 1px solid #0016e5\"><i class=\"fab fa-accessible-icon\" style=\"color:#0e08fc;background-color:#ffffff\"><\/i><\/div>[vc_row_inner][vc_column_inner width=&#8221;1\/3&#8243;][\/vc_column_inner][vc_column_inner width=&#8221;2\/3&#8243;][vc_column_text]<\/p>\n<ul>\n<li>Filmy nie posiadaj\u0105 audiodeskrypcji, gdy\u017c w wi\u0119kszo\u015bci zosta\u0142y opublikowane przed wej\u015bciem w \u017cycie ustawy o dost\u0119pno\u015bci cyfrowej.<\/li>\n<li>Mapy s\u0105 wy\u0142\u0105czone z obowi\u0105zku zapewniania dost\u0119pno\u015bci.<\/li>\n<li>Tre\u015bci archiwalne, niewykorzystywane do realizacji bie\u017c\u0105cych zada\u0144 s\u0105 wy\u0142\u0105czone z obowi\u0105zku zapewniania dost\u0119pno\u015bci.<\/li>\n<\/ul>\n<p>Data sporz\u0105dzenia: 2022-07-01<\/p>\n<p>Deklaracj\u0119 sporz\u0105dzono na podstawie samooceny przeprowadzonej przez podmiot publiczny.[\/vc_column_text]<div class=\"fount_spacer clearfix\" style=\"height:40px;\"><\/div>[\/vc_column_inner][\/vc_row_inner]<div class=\"fount_spacer clearfix\" style=\"height:50px;\"><\/div>[vc_column_text]<\/p>\n<h2>Informacje zwrotne i dane kontaktowe<\/h2>\n<p>[\/vc_column_text]<div class=\"simple_line shortcoded iconized no_icon thick\" style=\"border-bottom: 1px solid #0016e5\"><i class=\"fab fa-accessible-icon\" style=\"color:#0e08fc;background-color:#ffffff\"><\/i><\/div>[vc_row_inner][vc_column_inner width=&#8221;1\/3&#8243;][\/vc_column_inner][vc_column_inner width=&#8221;2\/3&#8243;][vc_column_text css=&#8221;&#8221;]W przypadku problem\u00f3w z dost\u0119pno\u015bci\u0105 strony internetowej prosimy o kontakt z Wydzia\u0142em Kontakt\u00f3w Spo\u0142ecznych Urz\u0119du Miejskiego w Zabrzu \u2013\u00a0<a href=\"mailto:sekretariat_wks@um.zabrze.pl\">sekretariat_pb@um.zabrze.pl<\/a> Kontaktowa\u0107 mo\u017cna si\u0119 tak\u017ce dzwoni\u0105c na numer telefonu +48 32 37 33 370 . T\u0105 sam\u0105 drog\u0105 mo\u017cna sk\u0142ada\u0107 wnioski o udost\u0119pnienie informacji niedost\u0119pnej oraz sk\u0142ada\u0107 \u017c\u0105dania zapewnienia dost\u0119pno\u015bci.<br \/>\nKa\u017cdy ma prawo do wyst\u0105pienia z\u00a0\u017c\u0105daniem zapewnienia dost\u0119pno\u015bci cyfrowej strony internetowej, aplikacji mobilnej lub jakiego\u015b ich elementu. Mo\u017cna tak\u017ce za\u017c\u0105da\u0107 udost\u0119pnienia informacji w\u00a0formach alternatywnych, na przyk\u0142ad odczytanie niedost\u0119pnego cyfrowo dokumentu, opisania zawarto\u015bci filmu bez audiodeskrypcji itp. \u017b\u0105danie powinno zawiera\u0107 dane osoby zg\u0142aszaj\u0105cej \u017c\u0105danie, wskazanie, o\u00a0kt\u00f3r\u0105 stron\u0119 internetow\u0105 lub aplikacj\u0119 mobiln\u0105 chodzi oraz spos\u00f3b kontaktu. Je\u017celi osoba \u017c\u0105daj\u0105ca zg\u0142asza potrzeb\u0119 otrzymania informacji w\u00a0formie alternatywnej, powinna tak\u017ce okre\u015bli\u0107 form\u0119 tej informacji.<\/p>\n<p>Podmiot publiczny powinien zrealizowa\u0107 \u017c\u0105danie niezw\u0142ocznie i\u00a0nie p\u00f3\u017aniej, ni\u017c w ci\u0105gu 7\u00a0dni. Je\u017celi dotrzymanie tego terminu nie jest mo\u017cliwe, podmiot publiczny niezw\u0142ocznie informuje, kiedy realizacja \u017c\u0105dania b\u0119dzie mo\u017cliwa, przy czym termin ten nie mo\u017ce by\u0107 d\u0142u\u017cszy ni\u017c 2\u00a0miesi\u0105ce. Je\u017celi zapewnienie dost\u0119pno\u015bci nie jest mo\u017cliwe, podmiot publiczny mo\u017ce zaproponowa\u0107 alternatywny spos\u00f3b dost\u0119pu do informacji. W przypadku, gdy podmiot publiczny odm\u00f3wi realizacji \u017c\u0105dania zapewnienia dost\u0119pno\u015bci lub alternatywnego sposobu dost\u0119pu do informacji, wnosz\u0105cy \u017c\u0105danie mo\u017ce z\u0142o\u017cy\u0107 skarg\u0119 w sprawie zapewniana dost\u0119pno\u015bci cyfrowej strony internetowej, aplikacji mobilnej lub elementu strony internetowej, lub aplikacji mobilnej. Po wyczerpaniu wskazanej wy\u017cej procedury mo\u017cna tak\u017ce z\u0142o\u017cy\u0107 wniosek do\u00a0<a href=\"https:\/\/www.rpo.gov.pl\/\" target=\"_blank\" rel=\"noopener\">Rzecznika Praw Obywatelskich<\/a>.[\/vc_column_text]<div class=\"fount_spacer clearfix\" style=\"height:40px;\"><\/div>[\/vc_column_inner][\/vc_row_inner]<div class=\"fount_spacer clearfix\" style=\"height:50px;\"><\/div>[vc_column_text]<\/p>\n<h2>Dost\u0119pno\u015b\u0107 Architektoniczna<\/h2>\n<p>[\/vc_column_text]<div class=\"simple_line shortcoded iconized no_icon thick\" style=\"border-bottom: 1px solid #0016e5\"><i class=\"fab fa-accessible-icon\" style=\"color:#0e08fc;background-color:#ffffff\"><\/i><\/div>[vc_row_inner][vc_column_inner width=&#8221;1\/3&#8243;][\/vc_column_inner][vc_column_inner width=&#8221;2\/3&#8243;][vc_column_text]<\/p>\n<ol>\n<li>W budynku Urz\u0119du Miejskiego w Zabrzu, po\u0142o\u017conym przy ulicy Religi 1, dost\u0119p dla os\u00f3b niepe\u0142nosprawnych odbywa si\u0119 za pomoc\u0105 podno\u015bnika zlokalizowanego od strony tylnej obiektu.<\/li>\n<li>W budynkach Urz\u0119du Miejskiego w Zabrzu, po\u0142o\u017conych przy ulicy Powsta\u0144c\u00f3w \u015al\u0105skich 5\u20137 oraz przy ulicy Wolno\u015bci 286, znajduj\u0105 si\u0119 podjazdy umo\u017cliwiaj\u0105ce osobom niepe\u0142nosprawnym wej\u015bcie do budynk\u00f3w.<\/li>\n<li>W budynku Urz\u0119du Miejskiego w Zabrzu, po\u0142o\u017conym przy ul. Wolno\u015bci 211 (Urz\u0105d Stanu Cywilnego), dost\u0119p dla os\u00f3b niepe\u0142nosprawnych odbywa si\u0119 za pomoc\u0105 podno\u015bnika zlokalizowanego przy wej\u015bciu od strony tylnej obiektu.<\/li>\n<\/ol>\n<p>Ponadto, w ka\u017cdym z obiekt\u00f3w znajduj\u0105 si\u0119 windy umo\u017cliwiaj\u0105ce przemieszczanie si\u0119 na wszystkie kondygnacje u\u017cytkowe osobom z ograniczon\u0105 sprawno\u015bci\u0105. Toalety z przeznaczeniem dla os\u00f3b niepe\u0142nosprawnych znajduj\u0105 si\u0119 na parterze budynku przy ulicy Wolno\u015bci 286, oraz na ka\u017cdej kondygnacji budynku przy ulicy Religi 1.[\/vc_column_text]<div class=\"fount_spacer clearfix\" style=\"height:40px;\"><\/div>[\/vc_column_inner][\/vc_row_inner]<div class=\"fount_spacer clearfix\" style=\"height:50px;\"><\/div>[vc_column_text]<\/p>\n<h2>Dost\u0119pno\u015b\u0107 informacyjno-komunikacyjna<\/h2>\n<p>[\/vc_column_text]<div class=\"simple_line shortcoded iconized no_icon thick\" style=\"border-bottom: 1px solid #0016e5\"><i class=\"fab fa-accessible-icon\" style=\"color:#0e08fc;background-color:#ffffff\"><\/i><\/div>[vc_row_inner][vc_column_inner width=&#8221;1\/3&#8243;][\/vc_column_inner][vc_column_inner width=&#8221;2\/3&#8243;][vc_column_text css=&#8221;&#8221;]<\/p>\n<ol>\n<li>Urz\u0105d Miejski w Zabrzu posiadaj\u0105c wysokie standardy obs\u0142ugi klienta, w tym klienta z niepe\u0142nosprawno\u015bci\u0105, zatrudnia pracownik\u00f3w pos\u0142uguj\u0105cych si\u0119 Polskim J\u0119zykiem Migowym, z kt\u00f3rymi osoby g\u0142uche s\u0105 w stanie za\u0142atwi\u0107 sprawy na r\u00f3\u017cnym poziomie trudno\u015bci.<br \/>\nOsoby uprawnione (osoby nies\u0142ysz\u0105ce i maj\u0105ce trudno\u015bci w komunikowaniu) w my\u015bl ustawy z dnia 19 sierpnia 2011 r. o j\u0119zyku migowym i innych \u015brodkach komunikowania mog\u0105 skorzysta\u0107 z t\u0142umacza j\u0119zyka migowego po wcze\u015bniejszym zam\u00f3wieniu takiej us\u0142ugi (Miros\u0142aw Koperwas, sms\/tel. 607 500 237, e-mail <a href=\"mailto:sekretariat_zps@um.zabrze.pl\">sekretariat_ao@um.zabrze.pl<\/a>). Us\u0142uga jest dost\u0119pna w godzinach pracy urz\u0119du. Us\u0142uga jest bezp\u0142atna.<\/li>\n<li>Przed wej\u015bciem do budynku Urz\u0119du Miejskiego w Zabrzu przy ul. Wolno\u015bci 286 zainstalowany jest dzwonek do przywo\u0142ania urz\u0119dnika dla os\u00f3b niepe\u0142nosprawnych.<\/li>\n<\/ol>\n<p>[\/vc_column_text]<div class=\"fount_spacer clearfix\" style=\"height:40px;\"><\/div>[\/vc_column_inner][\/vc_row_inner][\/vc_column][\/vc_row]<\/p>\n<\/div>","protected":false},"excerpt":{"rendered":"<p>[vc_row][vc_column][\/vc_column][\/vc_row][vc_row][vc_column width=&#8221;1\/1&#8243;][vc_column_text] Wst\u0119p Deklaracji [\/vc_column_text][vc_row_inner][vc_column_inner width=&#8221;1\/3&#8243;][\/vc_column_inner][vc_column_inner width=&#8221;2\/3&#8243;][vc_column_text css=&#8221;&#8221;]Urz\u0105d Miejski w Zabrzu zobowi\u0105zuje si\u0119 zapewni\u0107 dost\u0119pno\u015b\u0107 swojej strony internetowej zgodnie z przepisami ustawy z\u00a0dnia 4\u00a0kwietnia 2019 r. o\u00a0dost\u0119pno\u015bci cyfrowej stron internetowych i\u00a0aplikacji mobilnych podmiot\u00f3w publicznych. O\u015bwiadczenie w sprawie dost\u0119pno\u015bci ma zastosowanie do strony internetowej zabrzeprzestrzeniarozwoju.pl Data publikacji: 2022-07-01 Data aktualizacji: 2022-10-01 Data ostatniego przegl\u0105du deklaracji: 2026-03-25 [&hellip;]<\/p>\n","protected":false},"author":1,"featured_media":0,"parent":0,"menu_order":0,"comment_status":"closed","ping_status":"closed","template":"","meta":{"footnotes":""},"class_list":["post-8230","page","type-page","status-publish","hentry"],"_links":{"self":[{"href":"https:\/\/zabrzeprzestrzeniarozwoju.pl\/index.php?rest_route=\/wp\/v2\/pages\/8230","targetHints":{"allow":["GET"]}}],"collection":[{"href":"https:\/\/zabrzeprzestrzeniarozwoju.pl\/index.php?rest_route=\/wp\/v2\/pages"}],"about":[{"href":"https:\/\/zabrzeprzestrzeniarozwoju.pl\/index.php?rest_route=\/wp\/v2\/types\/page"}],"author":[{"embeddable":true,"href":"https:\/\/zabrzeprzestrzeniarozwoju.pl\/index.php?rest_route=\/wp\/v2\/users\/1"}],"replies":[{"embeddable":true,"href":"https:\/\/zabrzeprzestrzeniarozwoju.pl\/index.php?rest_route=%2Fwp%2Fv2%2Fcomments&post=8230"}],"version-history":[{"count":21,"href":"https:\/\/zabrzeprzestrzeniarozwoju.pl\/index.php?rest_route=\/wp\/v2\/pages\/8230\/revisions"}],"predecessor-version":[{"id":9511,"href":"https:\/\/zabrzeprzestrzeniarozwoju.pl\/index.php?rest_route=\/wp\/v2\/pages\/8230\/revisions\/9511"}],"wp:attachment":[{"href":"https:\/\/zabrzeprzestrzeniarozwoju.pl\/index.php?rest_route=%2Fwp%2Fv2%2Fmedia&parent=8230"}],"curies":[{"name":"wp","href":"https:\/\/api.w.org\/{rel}","templated":true}]}}