{"id":8232,"date":"2022-07-20T07:19:54","date_gmt":"2022-07-20T05:19:54","guid":{"rendered":"https:\/\/zabrzeprzestrzeniarozwoju.pl\/?page_id=8232"},"modified":"2022-12-20T09:25:25","modified_gmt":"2022-12-20T08:25:25","slug":"polityka-prywatnosci-2","status":"publish","type":"page","link":"https:\/\/zabrzeprzestrzeniarozwoju.pl\/?page_id=8232","title":{"rendered":"Polityka Prywatno\u015bci"},"content":{"rendered":"<div class=\"wpb-content-wrapper\"><p>[vc_row][vc_column width=&#8221;1\/6&#8243;][\/vc_column][vc_column width=&#8221;2\/3&#8243;][vc_column_text]<\/p>\n<ol>\n<li>Kluczow\u0105 kwesti\u0105 dla Kierownictwa Urz\u0119du Miejskiego w Zabrzu jest ochrona prywatno\u015bci os\u00f3b odwiedzaj\u0105cych witryn\u0119 internetow\u0105 <u><a href=\"http:\/\/www.zabrzeprzestrzeniarozwoju.pl\/\">www.zabrzeprzestrzeniarozwoju.pl<\/a><\/u><\/li>\n<li>Informacje dotycz\u0105ce odwiedzanych podstron, wy\u015bwietlanych artyku\u0142\u00f3w, pobieranych plik\u00f3w itp. mog\u0105 by\u0107 wykorzystywane wy\u0142\u0105cznie w celach statystycznych i administracyjnych na wewn\u0119trzne potrzeby Urz\u0119du Miejskiego w Zabrzu, i nie b\u0119d\u0105 przekazywane innym podmiotom.<\/li>\n<li>Pliki cookies s\u0105 wykorzystywane tylko i wy\u0142\u0105cznie dla funkcji zwi\u0105zanych z personalizacj\u0105 i pami\u0119taniem preferencji u\u017cytkownika. S\u0105 one zapisywane na dysku komputera osoby odwiedzaj\u0105cej stron\u0119 internetow\u0105 <u><a href=\"http:\/\/www.zabrzeprzestrzeniarozwoju.pl\/\">www.zabrzeprzestrzeniarozwoju.pl<\/a><\/u> W plikach tych nie s\u0105 gromadzone \u017cadne dodatkowe informacje, kt\u00f3re mog\u0142yby narusza\u0107 prywatno\u015b\u0107. Technika ta nie umo\u017cliwia pobierania jakichkolwiek dodatkowych danych z komputera u\u017cytkownika.<\/li>\n<li>Informacje wprowadzane do formularzy przez u\u017cytkownik\u00f3w nie b\u0119d\u0105 udost\u0119pniane innym podmiotom.<\/li>\n<li>Polityka prywatno\u015bci innych stron zewn\u0119trznych, do kt\u00f3rych odno\u015bniki znajduj\u0105 si\u0119 na stronie <u><a href=\"http:\/\/www.zabrzeprzestrzeniarozwoju.pl\/\">www.zabrzeprzestrzeniarozwoju.pl<\/a><\/u> regulowana jest odr\u0119bnymi postanowieniami.<\/li>\n<li>Urz\u0105d Miejski w Zabrzu zastrzega sobie prawo do zmiany niniejszej polityki prywatno\u015bci przez opublikowanie nowej polityki prywatno\u015bci na tej stronie.<\/li>\n<li>Pytania dotycz\u0105ce polityki prywatno\u015bci prosz\u0119 kierowa\u0107 na e-mail:\u00a0<u><a href=\"mailto:sekretariat_wks@um.zabrze.pl\">sekretariat_wks@um.zabrze.pl<\/a><\/u>.<\/li>\n<\/ol>\n<p>[\/vc_column_text]<div class=\"fount_spacer clearfix\" style=\"height:60px;\"><\/div>[\/vc_column][vc_column width=&#8221;1\/6&#8243;][\/vc_column][\/vc_row]<\/p>\n<\/div>","protected":false},"excerpt":{"rendered":"<p>[vc_row][vc_column width=&#8221;1\/6&#8243;][\/vc_column][vc_column width=&#8221;2\/3&#8243;][vc_column_text] Kluczow\u0105 kwesti\u0105 dla Kierownictwa Urz\u0119du Miejskiego w Zabrzu jest ochrona prywatno\u015bci os\u00f3b odwiedzaj\u0105cych witryn\u0119 internetow\u0105 www.zabrzeprzestrzeniarozwoju.pl Informacje dotycz\u0105ce odwiedzanych podstron, wy\u015bwietlanych artyku\u0142\u00f3w, pobieranych plik\u00f3w itp. mog\u0105 by\u0107 wykorzystywane wy\u0142\u0105cznie w celach statystycznych i administracyjnych na wewn\u0119trzne potrzeby Urz\u0119du Miejskiego w Zabrzu, i nie b\u0119d\u0105 przekazywane innym podmiotom. Pliki cookies s\u0105 wykorzystywane tylko [&hellip;]<\/p>\n","protected":false},"author":1,"featured_media":0,"parent":0,"menu_order":0,"comment_status":"closed","ping_status":"closed","template":"","meta":{"footnotes":""},"class_list":["post-8232","page","type-page","status-publish","hentry"],"_links":{"self":[{"href":"https:\/\/zabrzeprzestrzeniarozwoju.pl\/index.php?rest_route=\/wp\/v2\/pages\/8232","targetHints":{"allow":["GET"]}}],"collection":[{"href":"https:\/\/zabrzeprzestrzeniarozwoju.pl\/index.php?rest_route=\/wp\/v2\/pages"}],"about":[{"href":"https:\/\/zabrzeprzestrzeniarozwoju.pl\/index.php?rest_route=\/wp\/v2\/types\/page"}],"author":[{"embeddable":true,"href":"https:\/\/zabrzeprzestrzeniarozwoju.pl\/index.php?rest_route=\/wp\/v2\/users\/1"}],"replies":[{"embeddable":true,"href":"https:\/\/zabrzeprzestrzeniarozwoju.pl\/index.php?rest_route=%2Fwp%2Fv2%2Fcomments&post=8232"}],"version-history":[{"count":5,"href":"https:\/\/zabrzeprzestrzeniarozwoju.pl\/index.php?rest_route=\/wp\/v2\/pages\/8232\/revisions"}],"predecessor-version":[{"id":8256,"href":"https:\/\/zabrzeprzestrzeniarozwoju.pl\/index.php?rest_route=\/wp\/v2\/pages\/8232\/revisions\/8256"}],"wp:attachment":[{"href":"https:\/\/zabrzeprzestrzeniarozwoju.pl\/index.php?rest_route=%2Fwp%2Fv2%2Fmedia&parent=8232"}],"curies":[{"name":"wp","href":"https:\/\/api.w.org\/{rel}","templated":true}]}}