{"id":8653,"date":"2023-05-09T10:15:46","date_gmt":"2023-05-09T08:15:46","guid":{"rendered":"https:\/\/zabrzeprzestrzeniarozwoju.pl\/?page_id=8653"},"modified":"2023-05-19T13:56:15","modified_gmt":"2023-05-19T11:56:15","slug":"konferencja","status":"publish","type":"page","link":"https:\/\/zabrzeprzestrzeniarozwoju.pl\/?page_id=8653","title":{"rendered":"Konferencja"},"content":{"rendered":"<p style=\"text-align: center;\"><iframe loading=\"lazy\" title=\"YouTube video player\" src=\"https:\/\/www.youtube.com\/embed\/Ekzk8nEDlxM\" width=\"560\" height=\"315\" frameborder=\"0\" allowfullscreen=\"allowfullscreen\"><\/iframe><\/p>\n<p style=\"text-align: center;\"><a href=\"https:\/\/zabrzeprzestrzeniarozwoju.pl\/wp-content\/uploads\/2023\/01\/logo_zabrze_light_dark-e1678802362622.png\"><img loading=\"lazy\" decoding=\"async\" class=\"size-full wp-image-8428\" src=\"https:\/\/zabrzeprzestrzeniarozwoju.pl\/wp-content\/uploads\/2023\/01\/logo_zabrze_light_dark-e1678802362622.png\" alt=\"Logo - Fundusze Norweskie - Miasto Zabrze\" width=\"550\" height=\"165\" srcset=\"https:\/\/zabrzeprzestrzeniarozwoju.pl\/wp-content\/uploads\/2023\/01\/logo_zabrze_light_dark-e1678802362622.png 550w, https:\/\/zabrzeprzestrzeniarozwoju.pl\/wp-content\/uploads\/2023\/01\/logo_zabrze_light_dark-e1678802362622-300x90.png 300w\" sizes=\"auto, (max-width: 550px) 100vw, 550px\" \/><\/a><\/p>\n<h4 style=\"text-align: center;\">Szanowni Pa\u0144stwo,<\/h4>\n<h4 style=\"text-align: center;\">Mamy zaszczyt zaprosi\u0107 na konferencj\u0119 pn:<\/h4>\n<p>&nbsp;<\/p>\n<h4><\/h4>\n<h4 style=\"text-align: center;\"><strong>DOST\u0118PNO\u015a\u0106 INSTYTUCJI PUBLICZNYCH I OBIEKT\u00d3W SPORTOWYCH<\/strong><br \/>\n<strong>DLA OS\u00d3B Z NIEPE\u0141NOSPRAWNO\u015aCIAMI.<\/strong><\/h4>\n<p>&nbsp;<\/p>\n<h4 style=\"text-align: center;\">Konferencja organizowana jest przez Urz\u0105d Miejski w Zabrzu w ramach projektu \u201eMiasto Przestrzeni\u0105 Rozwoju\u201d finansowanego ze \u015brodk\u00f3w Norweskiego Mechanizmu Finansowego 2014-2021 oraz Bud\u017cetu Pa\u0144stwa.<\/h4>\n<p>&nbsp;<\/p>\n<h4 style=\"text-align: center;\"><strong>23 maja 2023 godzina 9:00<\/strong><br \/>\n<strong>Sala Konferencyjna Arena Zabrze, ul. Roosevelta 81, 41-800 Zabrze<\/strong><\/h4>\n<p>&nbsp;<\/p>\n<h4 style=\"text-align: center;\"><strong>OPIS WYDARZENIA:<\/strong><\/h4>\n<p>Miasto Zabrze od wielu lat prowadzi dzia\u0142ania i realizuje programy pomocowe na rzecz os\u00f3b z niepe\u0142nosprawno\u015bciami przeznaczaj\u0105c gminne \u015brodki finansowe oraz pozyskuj\u0105c fundusze zewn\u0119trzne (unijne, norweskie, PFRON i inne).<\/p>\n<h4><\/h4>\n<h4 style=\"text-align: center;\"><strong>CELE PROWADZONYCH DZIA\u0141A\u0143 MIASTA ZABRZE:<\/strong><\/h4>\n<ul>\n<li>zwi\u0119kszanie udzia\u0142u os\u00f3b z niepe\u0142nosprawno\u015bciami w \u017cyciu gospodarczym i spo\u0142ecznym<br \/>\ni publicznym miasta Zabrza poprzez wyr\u00f3wnywanie szans w korzystaniu z praw i obowi\u0105zk\u00f3w jakie przys\u0142uguj\u0105 wszystkim obywatelom;<\/li>\n<li>stworzenie dost\u0119pnego \u015brodowiska we wszystkich aspektach \u017cycia obywatela;<\/li>\n<li>zapewnienie osobom o szczeg\u00f3lnych potrzebach swobodny dost\u0119p do d\u00f3br, us\u0142ug, sportu, rekreacji stale ulepszaj\u0105c dost\u0119pno\u015b\u0107 architektoniczn\u0105, cyfrow\u0105 i informacyjno-komunikacyjn\u0105;<\/li>\n<li>dostosowanie przestrzeni publicznej do potrzeb wszystkich obywateli;<\/li>\n<\/ul>\n<p><strong>Dzi\u0119ki pozyskaniu \u015brodk\u00f3w z Norweskiego Mechanizmu Finansowego mogli\u015bmy zorganizowa\u0107 pierwsz\u0105 w Zabrzu konferencj\u0119 na temat dost\u0119pno\u015bci<\/strong> instytucji publicznych i obiekt\u00f3w sportowych dla os\u00f3b z niepe\u0142nosprawno\u015bciami oraz zorganizowa\u0107 w dniu nast\u0119pnym <strong>turniej dualny pi\u0142ki no\u017cnej dla dzieci z niepe\u0142nosprawno\u015bciami.<\/strong> \u00a0Konferencja umo\u017cliwi nam przeanalizowa\u0107 post\u0119py w realizacji dzia\u0142a\u0144 na rzecz kompleksowej dost\u0119pno\u015bci oraz podj\u0105\u0107 kolejne dzia\u0142ania w celu dalszego zwi\u0119kszania dost\u0119pno\u015bci we wszystkich aspektach \u017cycia obywateli.<\/p>\n<p>Podczas konferencji b\u0119dziemy omawia\u0107 kompleksowo dost\u0119pno\u015b\u0107 w Polsce w instytucjach publicznych oraz sportowych. Zaprosili\u015bmy do udzia\u0142u specjalist\u00f3w w zakresie dost\u0119pno\u015bci, a tak\u017ce osoby ze szczeg\u00f3lnymi potrzebami, kt\u00f3re podziel\u0105 si\u0119 z nami swoimi do\u015bwiadczeniami w aspekcie dost\u0119pno\u015bci w \u017cyciu publicznym i prywatnym. Uwie\u0144czeniem konferencji na temat dost\u0119pno\u015bci b\u0119dzie wydarzenie sportowe na murawie stadionu Arena Zabrze, gdzie w duchu sportowej rywalizacji fair play zagraj\u0105 w pi\u0142k\u0119 no\u017cn\u0105 dzieci z niepe\u0142nosprawno\u015bciami ze \u015bl\u0105skich szk\u00f3\u0142 specjalnych. Turniej dualny pi\u0142ki no\u017cnej odb\u0119dzie si\u0119 w dniu nast\u0119pnym tj 24.05.2023 o godzinie 9:00, na kt\u00f3rym opr\u00f3cz pi\u0142karskich rozgrywek, wielu atrakcji, zabaw i nagr\u00f3d dla uczestnik\u00f3w, dzieci b\u0119d\u0105 mog\u0142y spotka\u0107 si\u0119 z Marcinem Oleksym \u2013 polskim futbolist\u0105 AMP i zdobywc\u0105 Nagrody za Bramk\u0119 Roku 2022 im. Ferenca Puskasa w presti\u017cowym plebiscycie FIFA The Best 2022.<\/p>\n<p>Koordynator Konferencji: Anna Jasi\u0144ska:\u00a0 <a href=\"mailto:ajasinska@um.zabrze.pl\">ajasinska@um.zabrze.pl<\/a>, tel +48\u00a0694\u00a0933\u00a0068<\/p>\n<hr \/>\n<h4><\/h4>\n<h4 style=\"text-align: center;\"><strong>PROGRAM KONFERENCJI:<\/strong><\/h4>\n<p>&nbsp;<\/p>\n<h4><strong>PROWADZ\u0104CY KONFERENCJ\u0118: Krzysztof Kiepura<\/strong><\/h4>\n<p>&nbsp;<\/p>\n<p><strong>9:00 \u2013 9:45 UROCZYSTE ROZPOCZ\u0118CIE KONFERENCJI ORAZ POWITANIE PRELEGENT\u00d3W ORAZ ZAPROSZONYCH GO\u015aCI:<br \/>\n<\/strong><\/p>\n<ol>\n<li style=\"list-style-type: none;\">\n<ol>\n<li>dr Ma\u0142gorzata Ma\u0144ka-Szulik &#8211; Prezydent Zabrza<\/li>\n<\/ol>\n<\/li>\n<\/ol>\n<p><strong>9:45 \u2013 11:30\u00a0 \u00a0 \u00a0I PANEL:<br \/>\nDOST\u0118PNO\u015a\u0106 INSTYTUCJI PUBLICZNYCH DLA OS\u00d3B Z NIEPE\u0141NOSPRAWNO\u015aCIAMI <\/strong><\/p>\n<ol>\n<li style=\"list-style-type: none;\">\n<ol>\n<li><strong>prof. P\u015a dr hab. Aleksandra Kuzior:<\/strong> \u201e\u201eModel inkluzywny zr\u00f3wnowa\u017conego rozwoju spo\u0142ecznego na przyk\u0142adzie projektu \u201eMiasto Przestrzeni\u0105 Rozwoju\u201d<br \/>\n\u2013 Politechnika \u015al\u0105ska (partner projektu)<\/li>\n<li><strong>prof. P\u015a dr hab. in\u017c. arch. Beata Kucharczyk<\/strong>&#8211;<strong>Brus<\/strong> : \u201eDost\u0119pno\u015b\u0107 architektoniczna<br \/>\nw projekcie Miasto Przestrzeni\u0105 Rozwoju\u201d\u2013 Politechnika \u015al\u0105ska (partner projektu)<\/li>\n<li><strong>Rafa\u0142 Kwapuli\u0144ski<\/strong> \u2013 specjalista ds. os\u00f3b z niepe\u0142nosprawno\u015bciami: \u201eDost\u0119pno\u015b\u0107 instytucji publicznych\u201d &#8211; Fundacja Aktywnej Rehabilitacji FAR<\/li>\n<li><strong>Krzysztof Wostal i Agnieszka Majnusz:<\/strong> \u201eSkuteczna komunikacji os\u00f3b<br \/>\nz niepe\u0142nosprawno\u015bciami\u201d &#8211; Fundacja TRANSGRESJA<\/li>\n<\/ol>\n<\/li>\n<\/ol>\n<p><strong>11:30 \u2013 12:00\u00a0\u00a0 <\/strong>przerwa kawowa<\/p>\n<p><strong>12:00 \u2013<\/strong><strong> 14:00\u00a0 \u00a0II PANEL:<br \/>\nDOST\u0118PNO\u015a\u0106 OBIEKT\u00d3W SPORTOWYCH DLA OS\u00d3B Z NIEPE\u0141NOSPRAWNO\u015aCIAMI<\/strong><\/p>\n<ol>\n<li style=\"list-style-type: none;\">\n<ol>\n<li><strong>dr Jakub Hawranek<\/strong> \u2013 specjalista z zakresu ortopedii i traumatologii narz\u0105du ruchu: \u201eNiepe\u0142nosprawno\u015b\u0107 ruchowa w aspekcie medycznym\u201d \u2013 Szpital Miejski<br \/>\nw Zabrzu<\/li>\n<li><strong>Piotr Szymala<\/strong> &#8211; prezes Wojew\u00f3dzkiego Stowarzyszenia Sportu i Rehabilitacji Niepe\u0142nosprawnych: \u201eDost\u0119pno\u015b\u0107 obiekt\u00f3w sportowych i dyscyplin sportowych\u201d<br \/>\n&#8211; WSSIRN \u201eSTART\u201d Katowice<\/li>\n<li><strong>Micha\u0142 Wilk<\/strong> \u2013 nauczyciel wychowania fizycznego: \u201eDost\u0119pno\u015b\u0107 dyscyplin sportowych w Zabrzu\u201d \u2013 Szko\u0142a Podstawowa Specjalna nr 40 w Zabrzu<\/li>\n<li><strong>Angelika Chrapkiewicz-G\u0105dek<\/strong> &#8211; m\u00f3wca motywacyjny, podr\u00f3\u017cniczka, nurek<\/li>\n<li><strong>Marcin Oleksy \u2013 go\u015b\u0107 specjalny:<\/strong> polski futbolista AMP, zdobywca Bramki Roku 2022 w plebiscycie FIFA<\/li>\n<\/ol>\n<\/li>\n<\/ol>\n<p><strong>14:00 \u2013 15:00\u00a0\u00a0 <\/strong>obiad<\/p>\n<p><strong>15:00<\/strong>\u00a0 \u00a0 <strong>ZAKO\u0143CZENIE KONFERENCJI<\/strong><\/p>\n<hr \/>\n<p>Aby potwierdzi\u0107 udzia\u0142 w konferencji prosimy o wype\u0142nienie formularza uczestnika konferencji, <strong>okre\u015blenie szczeg\u00f3lnych potrzeb i przes\u0142anie potwierdzenia uczestnictwa w konferencji w wybranej przez Pana \/ Pani\u0105 formie:<\/strong><\/p>\n<ul>\n<li>mailowej &#8211; na adres: <a href=\"mailto:sekretariat_wpts@um.zabrze.pl\">sekretariat_wpts@um.zabrze.pl<\/a><\/li>\n<li>sms do koordynatora konferencji: <a href=\"tel:+48694933068\">+48 694 933 068<\/a><\/li>\n<li>telefonicznej &#8211; na numer koordynatora konferencji: <a href=\"http:\/\/tel.+48694933068\">+48 694 933 068<\/a><\/li>\n<\/ul>\n<p>Miejsce organizacji konferencji jest dost\u0119pne pod wzgl\u0119dem architektonicznym, informacyjnym i komunikacyjnym. Podczas wydarzenia zosta\u0142y uwzgl\u0119dnione potrzeby os\u00f3b z\u00a0 niepe\u0142nosprawno\u015bciami, zapewniono informacje o ewakuacji os\u00f3b z niepe\u0142nosprawno\u015bciami w planie ewakuacji dost\u0119pnym na stronie internetowej wydarzenia oraz w punkcie informacyjnym znajduj\u0105cym si\u0119\u00a0 zaraz po wej\u015bciu do budynku Areny, gdzie znajduje si\u0119 r\u00f3wnie\u017c punkt rejestracji uczestnik\u00f3w konferencji. Podano wskaz\u00f3wki dojazdu zr\u00f3\u017cnicowanymi \u015brodkami transportu i oznaczono doj\u015bcie do Sali konferencyjnej z przystank\u00f3w autobusowych oraz z parkingu naziemnego i podziemnego. Oznaczono dojazd do Sali konferencyjnej dla os\u00f3b na w\u00f3zkach inwalidzkich. Oznaczono informacje o przej\u015bciach dla pieszych, schodach i windzie, a tak\u017ce g\u0142\u00f3wne wej\u015bcie do budynku, toalet. Podczas konferencji zapewniono asystent\u00f3w przeszkolonych z\u00a0 zakresu zasad komunikacji i w\u0142a\u015bciwego zachowania wobec os\u00f3b z niepe\u0142nosprawno\u015bciami \u2013 do ich zada\u0144 nale\u017cy odbi\u00f3r z przystanku, doprowadzenie go\u015bci do miejsca wydarzenia, asysta podczas przerwy kawowej \/ obiadu.\u00a0 Wyznaczono do kontaktu koordynatora konferencji i zapewniono alternatywne formy kontaktu do koordynatora\u00a0 wydarzenia (zadzwonienie, przes\u0142anie SMS, mail). Podczas konferencji zapewniono odpowiednie rozwi\u0105zania techniczne u\u0142atwiaj\u0105ce prelegentom przekazywanie informacji do odbiorc\u00f3w tj: t\u0142umaczy Polskiego J\u0119zyka Migowego, p\u0119tl\u0119 indukcyjn\u0105, napisy, proste i przejrzyste prezentacje multimedialne, prowadz\u0105cego konferencj\u0119 wspomagaj\u0105cego rol\u0119 narratora. Catering konferencyjny dostosowano dla os\u00f3b ze szczeg\u00f3lnymi potrzebami.<\/p>\n<p>W ramach konferencji zapraszamy r\u00f3wnie\u017c na Turniej dualny pi\u0142ki no\u017cnej dla dzieci z niepe\u0142nosprawno\u015bciami, kt\u00f3ry odb\u0119dzie si\u0119 24 maja na murawie Stadionu Arena Zabrze o godzinie 9.00.<\/p>\n<p>Szczeg\u00f3\u0142owe informacje w zak\u0142adce <a href=\"https:\/\/zabrzeprzestrzeniarozwoju.pl\/?page_id=8655\"><strong>TURNIEJ<\/strong><\/a><\/p>\n<p><a href=\"https:\/\/zabrzeprzestrzeniarozwoju.pl\/wp-content\/uploads\/2023\/05\/FORMULARZ-UCZESTNIKA-KONFERENCJI.docx\">FORMULARZ UCZESTNIKA KONFERENCJI<\/a><\/p>\n<p><a href=\"https:\/\/zabrzeprzestrzeniarozwoju.pl\/wp-content\/uploads\/2023\/05\/Instrukcja-dojazdu.docx\">INSTRUKCJA DOJAZDU<\/a><\/p>\n","protected":false},"excerpt":{"rendered":"<p>Szanowni Pa\u0144stwo, Mamy zaszczyt zaprosi\u0107 na konferencj\u0119 pn: &nbsp; DOST\u0118PNO\u015a\u0106 INSTYTUCJI PUBLICZNYCH I OBIEKT\u00d3W SPORTOWYCH DLA OS\u00d3B Z NIEPE\u0141NOSPRAWNO\u015aCIAMI. &nbsp; Konferencja organizowana jest przez Urz\u0105d Miejski w Zabrzu w ramach projektu \u201eMiasto Przestrzeni\u0105 Rozwoju\u201d finansowanego ze \u015brodk\u00f3w Norweskiego Mechanizmu Finansowego 2014-2021 oraz Bud\u017cetu Pa\u0144stwa. &nbsp; 23 maja 2023 godzina 9:00 Sala Konferencyjna Arena Zabrze, ul. [&hellip;]<\/p>\n","protected":false},"author":1,"featured_media":0,"parent":0,"menu_order":0,"comment_status":"closed","ping_status":"closed","template":"","meta":{"footnotes":""},"class_list":["post-8653","page","type-page","status-publish","hentry"],"_links":{"self":[{"href":"https:\/\/zabrzeprzestrzeniarozwoju.pl\/index.php?rest_route=\/wp\/v2\/pages\/8653","targetHints":{"allow":["GET"]}}],"collection":[{"href":"https:\/\/zabrzeprzestrzeniarozwoju.pl\/index.php?rest_route=\/wp\/v2\/pages"}],"about":[{"href":"https:\/\/zabrzeprzestrzeniarozwoju.pl\/index.php?rest_route=\/wp\/v2\/types\/page"}],"author":[{"embeddable":true,"href":"https:\/\/zabrzeprzestrzeniarozwoju.pl\/index.php?rest_route=\/wp\/v2\/users\/1"}],"replies":[{"embeddable":true,"href":"https:\/\/zabrzeprzestrzeniarozwoju.pl\/index.php?rest_route=%2Fwp%2Fv2%2Fcomments&post=8653"}],"version-history":[{"count":23,"href":"https:\/\/zabrzeprzestrzeniarozwoju.pl\/index.php?rest_route=\/wp\/v2\/pages\/8653\/revisions"}],"predecessor-version":[{"id":8768,"href":"https:\/\/zabrzeprzestrzeniarozwoju.pl\/index.php?rest_route=\/wp\/v2\/pages\/8653\/revisions\/8768"}],"wp:attachment":[{"href":"https:\/\/zabrzeprzestrzeniarozwoju.pl\/index.php?rest_route=%2Fwp%2Fv2%2Fmedia&parent=8653"}],"curies":[{"name":"wp","href":"https:\/\/api.w.org\/{rel}","templated":true}]}}