{"id":8655,"date":"2023-05-09T10:15:56","date_gmt":"2023-05-09T08:15:56","guid":{"rendered":"https:\/\/zabrzeprzestrzeniarozwoju.pl\/?page_id=8655"},"modified":"2023-05-19T13:54:59","modified_gmt":"2023-05-19T11:54:59","slug":"turniej","status":"publish","type":"page","link":"https:\/\/zabrzeprzestrzeniarozwoju.pl\/?page_id=8655","title":{"rendered":"Turniej"},"content":{"rendered":"<p style=\"text-align: center;\"><iframe loading=\"lazy\" title=\"YouTube video player\" src=\"https:\/\/www.youtube.com\/embed\/Ekzk8nEDlxM\" width=\"560\" height=\"315\" frameborder=\"0\" allowfullscreen=\"allowfullscreen\"><\/iframe><\/p>\n<p>&nbsp;<\/p>\n<p style=\"text-align: center;\"><strong>H<\/strong><strong>ARMONOGRAM <\/strong><strong>TURNIEJU DUALNEGO PI\u0141KI NO\u017bNEJ<\/strong><\/p>\n<p style=\"text-align: center;\"><strong>DLA DZIECI Z NIEPE\u0141NOSPRAWNO\u015aCIAMI<\/strong><\/p>\n<p style=\"text-align: center;\"><strong>24.05.2023 r.<\/strong><\/p>\n<p>&nbsp;<\/p>\n<ul>\n<li><strong><u>09.00\u00a0 UROCZYSTE\u00a0 OTWARCIE\u00a0 TURNIEJU<\/u><\/strong><\/li>\n<li><strong>09.15 \u2013 09.36 Gliwice : Zabrze<\/strong><\/li>\n<li><strong>09.40 \u2013 10.01 Radzionk\u00f3w :\u00a0Ruda \u015al\u0105ska<\/strong><\/li>\n<li><strong>10.05 \u2013 10.26 Gliwice :\u00a0Ruda \u015al\u0105ska<\/strong><\/li>\n<li><strong>10.30\u00a0 \u2013 10.51 Zabrze :\u00a0<\/strong><strong>Radzionk\u00f3w<\/strong><\/li>\n<li><strong>10.55 \u2013 11.16 Gliwice :<\/strong> <strong>Radzionk\u00f3w<\/strong><\/li>\n<li><strong>11.20\u00a0\u00a0 Trening z grup\u0105 KKS G\u00d3RNIK ZABRZE<\/strong><\/li>\n<li><strong>12.20 \u2013 12.34\u00a0 MECZ DUALNY<\/strong><\/li>\n<li><strong><u>12.40\u00a0 UROCZYSTE\u00a0 ZAMKNI\u0118CIE\u00a0 TURNIEJU<\/u><\/strong><u><\/u><\/li>\n<\/ul>\n<p><strong><u><a href=\"https:\/\/zabrzeprzestrzeniarozwoju.pl\/wp-content\/uploads\/2023\/05\/Plakat-Turniej-scaled.jpg\"><img loading=\"lazy\" decoding=\"async\" class=\"size-full wp-image-8752 aligncenter\" src=\"https:\/\/zabrzeprzestrzeniarozwoju.pl\/wp-content\/uploads\/2023\/05\/Plakat-Turniej-scaled.jpg\" alt=\"\" width=\"1810\" height=\"2560\" srcset=\"https:\/\/zabrzeprzestrzeniarozwoju.pl\/wp-content\/uploads\/2023\/05\/Plakat-Turniej-scaled.jpg 1810w, https:\/\/zabrzeprzestrzeniarozwoju.pl\/wp-content\/uploads\/2023\/05\/Plakat-Turniej-212x300.jpg 212w, https:\/\/zabrzeprzestrzeniarozwoju.pl\/wp-content\/uploads\/2023\/05\/Plakat-Turniej-724x1024.jpg 724w, https:\/\/zabrzeprzestrzeniarozwoju.pl\/wp-content\/uploads\/2023\/05\/Plakat-Turniej-768x1086.jpg 768w, https:\/\/zabrzeprzestrzeniarozwoju.pl\/wp-content\/uploads\/2023\/05\/Plakat-Turniej-1086x1536.jpg 1086w, https:\/\/zabrzeprzestrzeniarozwoju.pl\/wp-content\/uploads\/2023\/05\/Plakat-Turniej-1448x2048.jpg 1448w\" sizes=\"auto, (max-width: 1810px) 100vw, 1810px\" \/><\/a><\/u><\/strong><\/p>\n","protected":false},"excerpt":{"rendered":"<p>&nbsp; HARMONOGRAM TURNIEJU DUALNEGO PI\u0141KI NO\u017bNEJ DLA DZIECI Z NIEPE\u0141NOSPRAWNO\u015aCIAMI 24.05.2023 r. &nbsp; 09.00\u00a0 UROCZYSTE\u00a0 OTWARCIE\u00a0 TURNIEJU 09.15 \u2013 09.36 Gliwice : Zabrze 09.40 \u2013 10.01 Radzionk\u00f3w :\u00a0Ruda \u015al\u0105ska 10.05 \u2013 10.26 Gliwice :\u00a0Ruda \u015al\u0105ska 10.30\u00a0 \u2013 10.51 Zabrze :\u00a0Radzionk\u00f3w 10.55 \u2013 11.16 Gliwice : Radzionk\u00f3w 11.20\u00a0\u00a0 Trening z grup\u0105 KKS G\u00d3RNIK ZABRZE 12.20 \u2013 [&hellip;]<\/p>\n","protected":false},"author":1,"featured_media":0,"parent":0,"menu_order":0,"comment_status":"closed","ping_status":"closed","template":"","meta":{"footnotes":""},"class_list":["post-8655","page","type-page","status-publish","hentry"],"_links":{"self":[{"href":"https:\/\/zabrzeprzestrzeniarozwoju.pl\/index.php?rest_route=\/wp\/v2\/pages\/8655","targetHints":{"allow":["GET"]}}],"collection":[{"href":"https:\/\/zabrzeprzestrzeniarozwoju.pl\/index.php?rest_route=\/wp\/v2\/pages"}],"about":[{"href":"https:\/\/zabrzeprzestrzeniarozwoju.pl\/index.php?rest_route=\/wp\/v2\/types\/page"}],"author":[{"embeddable":true,"href":"https:\/\/zabrzeprzestrzeniarozwoju.pl\/index.php?rest_route=\/wp\/v2\/users\/1"}],"replies":[{"embeddable":true,"href":"https:\/\/zabrzeprzestrzeniarozwoju.pl\/index.php?rest_route=%2Fwp%2Fv2%2Fcomments&post=8655"}],"version-history":[{"count":8,"href":"https:\/\/zabrzeprzestrzeniarozwoju.pl\/index.php?rest_route=\/wp\/v2\/pages\/8655\/revisions"}],"predecessor-version":[{"id":8753,"href":"https:\/\/zabrzeprzestrzeniarozwoju.pl\/index.php?rest_route=\/wp\/v2\/pages\/8655\/revisions\/8753"}],"wp:attachment":[{"href":"https:\/\/zabrzeprzestrzeniarozwoju.pl\/index.php?rest_route=%2Fwp%2Fv2%2Fmedia&parent=8655"}],"curies":[{"name":"wp","href":"https:\/\/api.w.org\/{rel}","templated":true}]}}